{"id":1618,"date":"2019-03-06T06:53:51","date_gmt":"2019-03-06T06:53:51","guid":{"rendered":"https:\/\/anti-paros.gr\/?page_id=1618"},"modified":"2019-03-14T18:31:00","modified_gmt":"2019-03-14T18:31:00","slug":"services-2","status":"publish","type":"page","link":"https:\/\/anti-paros.gr\/fr\/services-2\/","title":{"rendered":"Services"},"content":{"rendered":"<p>Chaque appartement comprend:<\/p>\n<ul>\n<li>Deux chambres \u00e0 coucher pouvant accueillir 4-5 personnes<\/li>\n<li>Salon \u2013 salle \u00e0 manger<\/li>\n<li>Cuisine enti\u00e8rement \u00e9quip\u00e9e<\/li>\n<li>R\u00e9frig\u00e9rateur<\/li>\n<li>Salle de bain<\/li>\n<li>Climatisation<\/li>\n<li>Balcon ind\u00e9pendant donnant directement sur la mer<\/li>\n<li>TV Plasma<\/li>\n<li>Wi-Fi Internet<\/li>\n<li>S\u00e8che-cheveux<\/li>\n<li>Lit pour enfant (sur demande)<\/li>\n<\/ul>\n<p>Services compl\u00e9mentaires inclus:<\/p>\n<ul>\n<li>M\u00e9nage 2 fois par semaine<\/li>\n<li>Parking<\/li>\n<li>Terrasse commune et cour<\/li>\n<\/ul>\n","protected":false},"excerpt":{"rendered":"<p>Chaque appartement comprend: Deux chambres \u00e0 coucher pouvant accueillir 4-5 personnes Salon \u2013 salle \u00e0 manger Cuisine enti\u00e8rement \u00e9quip\u00e9e R\u00e9frig\u00e9rateur Salle de bain Climatisation Balcon ind\u00e9pendant donnant directement sur la mer TV Plasma Wi-Fi Internet S\u00e8che-cheveux Lit pour enfant (sur demande) Services compl\u00e9mentaires inclus: M\u00e9nage 2 fois par semaine Parking Terrasse commune et cour<\/p>\n","protected":false},"author":1,"featured_media":1187,"parent":0,"menu_order":0,"comment_status":"open","ping_status":"open","template":"","meta":{"footnotes":""},"_links":{"self":[{"href":"https:\/\/anti-paros.gr\/fr\/wp-json\/wp\/v2\/pages\/1618"}],"collection":[{"href":"https:\/\/anti-paros.gr\/fr\/wp-json\/wp\/v2\/pages"}],"about":[{"href":"https:\/\/anti-paros.gr\/fr\/wp-json\/wp\/v2\/types\/page"}],"author":[{"embeddable":true,"href":"https:\/\/anti-paros.gr\/fr\/wp-json\/wp\/v2\/users\/1"}],"replies":[{"embeddable":true,"href":"https:\/\/anti-paros.gr\/fr\/wp-json\/wp\/v2\/comments?post=1618"}],"version-history":[{"count":1,"href":"https:\/\/anti-paros.gr\/fr\/wp-json\/wp\/v2\/pages\/1618\/revisions"}],"predecessor-version":[{"id":1619,"href":"https:\/\/anti-paros.gr\/fr\/wp-json\/wp\/v2\/pages\/1618\/revisions\/1619"}],"wp:featuredmedia":[{"embeddable":true,"href":"https:\/\/anti-paros.gr\/fr\/wp-json\/wp\/v2\/media\/1187"}],"wp:attachment":[{"href":"https:\/\/anti-paros.gr\/fr\/wp-json\/wp\/v2\/media?parent=1618"}],"curies":[{"name":"wp","href":"https:\/\/api.w.org\/{rel}","templated":true}]}}