{"id":1641,"date":"2019-03-09T09:41:34","date_gmt":"2019-03-09T09:41:34","guid":{"rendered":"https:\/\/anti-paros.gr\/?page_id=1641"},"modified":"2019-04-11T09:54:40","modified_gmt":"2019-04-11T09:54:40","slug":"kontakt-2","status":"publish","type":"page","link":"https:\/\/anti-paros.gr\/de\/kontakt-2\/","title":{"rendered":"Kontakt"},"content":{"rendered":"<table border=\"0\">\n<tbody>\n<tr>\n<td style=\"text-align: center;\"><em><strong>Anruf:<\/strong><\/em><\/td>\n<td style=\"text-align: center;\"><em><strong>Mobiltelefon:<\/strong><\/em><\/td>\n<td style=\"text-align: center;\"><em><strong>FAX:<\/strong><\/em><\/td>\n<\/tr>\n<tr>\n<td style=\"text-align: center;\">(+30) 2284061059<\/td>\n<td style=\"text-align: center;\">(+30)\u00a06946502626<\/td>\n<td style=\"text-align: center;\">(+30)\u00a02105699457<\/td>\n<\/tr>\n<tr>\n<td style=\"text-align: center;\">(+30)\u00a02105699456<\/td>\n<td style=\"text-align: center;\"><\/td>\n<td style=\"text-align: center;\"><\/td>\n<\/tr>\n<\/tbody>\n<\/table>\n<p><h2 class=\" center \"><span>Kontaktformular<\/span><\/h2><br \/>\n\t\t\r\n\t\t\t<style type=\"text\/css\">\r\n\t\t\t\t#success_contact-form_shortcode_contactform_298 {\r\n\t\t\t\t\tdisplay: none;\r\n\t\t\t\t\topacity: 0;\r\n\t\t\t\t}\r\n\t\t\t\t#error_contact-form_shortcode_contactform_298 {\r\n\t\t\t\t\tdisplay: none;\r\n\t\t\t\t\topacity: 0;\r\n\t\t\t\t}\r\n\t\t\t<\/style>\r\n\t\t\t<div>\r\n\t\t\t<form id=\"contact-form_shortcode_contactform_298\" class=\"general-contact-form\" data-nonce=\"fc3216e95f\">\r\n\t            <p>\r\n\t                <label for=\"name_shortcode_contactform_298\" class=\"required label\">Name:<\/label>\r\n\t                <input id=\"name_shortcode_contactform_298\" class=\"validate[required]\" type=\"text\" name=\"name\" \/>\r\n\t            <\/p>\r\n\t            <p>\r\n\t                <label for=\"email_shortcode_contactform_298\" class=\"required label\">Email:<\/label>\r\n\t                <input id=\"email_shortcode_contactform_298\" class=\"validate[required,custom[email]]\" placeholder=\"Example: john@doe.com\" type=\"text\" name=\"email\" \/>\r\n\t            <\/p>\r\n\t            <p>\r\n\t                <label for=\"subject_shortcode_contactform_298\" class=\"required label\">Subject:<\/label>\r\n\t                <input id=\"subject_shortcode_contactform_298\" class=\"validate[required]\" type=\"text\" name=\"subject\" \/>\r\n\t            <\/p>\r\n\t            <p>\r\n\t                <label id=\"message-label_shortcode_contactform_298\" for=\"message_shortcode_contactform_298\" class=\"required label message-label\">Message:<\/label>\r\n\t                <textarea id=\"message_shortcode_contactform_298\" class=\"validate[required]\" name=\"message\" cols=\"28\" rows=\"5\"><\/textarea>\r\n\t                <input id=\"hidden_shortcode_contactform_298\" name=\"hidden_1\" type=\"hidden\" value=\"aW5mb0BhbnRpLXBhcm9zLmdy\" \/>\r\n\t                \r\n\t            <\/p>\r\n\t            <p>\r\n\t                <label><\/label>\r\n\t                <input class=\"medium black button\" id=\"submit-button_shortcode_contactform_298\" type=\"submit\" name=\"Submit_shortcode_contactform_298\" value=\"Senden\" \/>\r\n\t                \r\n\t            <\/p>\r\n\t            \r\n\t        <\/form>\r\n\t        <\/div>\r\n\t        <div id=\"success_contact-form_shortcode_contactform_298\" class=\"success box\">\r\n\t            Danke. Wir haben Ihre Nachricht erhalten und werden in K\u00fcrze kontaktiert.\r\n\t        <\/div>\r\n\t        <div id=\"error_contact-form_shortcode_contactform_298\" class=\"error box\">\r\n\t            Something went wrong. Please contact us via email or phone. We truly apologize for the inconvenience.\r\n\t        <\/div><br \/>\n<h2 class=\" center \"><span>Karte<\/span><\/h2><br \/>\n<a href=\"https:\/\/www.google.com\/maps\/place\/St+George+Antiparos\/@36.981676,24.9853352,12.75z\/data=!4m5!3m4!1s0x1498668497518faf:0x5812ec979b8d0db!8m2!3d36.9786119!4d25.0365646\"><img loading=\"lazy\" decoding=\"async\" class=\"aligncenter wp-image-1777 size-full\" src=\"https:\/\/anti-paros.gr\/wp-content\/uploads\/2019\/03\/anti-paros.jpg\" alt=\"\" width=\"902\" height=\"418\" srcset=\"https:\/\/anti-paros.gr\/wp-content\/uploads\/2019\/03\/anti-paros.jpg 902w, https:\/\/anti-paros.gr\/wp-content\/uploads\/2019\/03\/anti-paros-300x139.jpg 300w, https:\/\/anti-paros.gr\/wp-content\/uploads\/2019\/03\/anti-paros-768x356.jpg 768w\" sizes=\"(max-width: 902px) 100vw, 902px\" \/><\/a><\/p>\n<p style=\"text-align: center;\">Der Komplex befindet sich in der ruhigen und gesch\u00fctzten Dorf Agios Georgios (PLZ 84007), im S\u00fcdwesten der Insel.<\/p>\n<p style=\"text-align: center;\">Der Hafen und 11 km vom n\u00e4chsten Strand 300 Meter.<\/p>\n<p style=\"text-align: center;\">Gegen\u00fcber der Insel Despotisch.<\/p>\n","protected":false},"excerpt":{"rendered":"<p>Anruf: Mobiltelefon: FAX: (+30) 2284061059 (+30)\u00a06946502626 (+30)\u00a02105699457 (+30)\u00a02105699456 Der Komplex befindet sich in der ruhigen und gesch\u00fctzten Dorf Agios Georgios (PLZ 84007), im S\u00fcdwesten der Insel. Der Hafen und 11 km vom n\u00e4chsten Strand 300 Meter. Gegen\u00fcber der Insel Despotisch.<\/p>\n","protected":false},"author":1,"featured_media":1196,"parent":0,"menu_order":0,"comment_status":"open","ping_status":"open","template":"","meta":{"footnotes":""},"_links":{"self":[{"href":"https:\/\/anti-paros.gr\/de\/wp-json\/wp\/v2\/pages\/1641"}],"collection":[{"href":"https:\/\/anti-paros.gr\/de\/wp-json\/wp\/v2\/pages"}],"about":[{"href":"https:\/\/anti-paros.gr\/de\/wp-json\/wp\/v2\/types\/page"}],"author":[{"embeddable":true,"href":"https:\/\/anti-paros.gr\/de\/wp-json\/wp\/v2\/users\/1"}],"replies":[{"embeddable":true,"href":"https:\/\/anti-paros.gr\/de\/wp-json\/wp\/v2\/comments?post=1641"}],"version-history":[{"count":3,"href":"https:\/\/anti-paros.gr\/de\/wp-json\/wp\/v2\/pages\/1641\/revisions"}],"predecessor-version":[{"id":1798,"href":"https:\/\/anti-paros.gr\/de\/wp-json\/wp\/v2\/pages\/1641\/revisions\/1798"}],"wp:featuredmedia":[{"embeddable":true,"href":"https:\/\/anti-paros.gr\/de\/wp-json\/wp\/v2\/media\/1196"}],"wp:attachment":[{"href":"https:\/\/anti-paros.gr\/de\/wp-json\/wp\/v2\/media?parent=1641"}],"curies":[{"name":"wp","href":"https:\/\/api.w.org\/{rel}","templated":true}]}}