{"id":1620,"date":"2019-03-06T06:56:04","date_gmt":"2019-03-06T06:56:04","guid":{"rendered":"https:\/\/anti-paros.gr\/?page_id=1620"},"modified":"2019-04-11T12:19:54","modified_gmt":"2019-04-11T12:19:54","slug":"dienste-2","status":"publish","type":"page","link":"https:\/\/anti-paros.gr\/de\/dienste-2\/","title":{"rendered":"Dienste"},"content":{"rendered":"<p>Jede Wohnung bietet Ihnen:<\/p>\n<ul>\n<li>zwei Schlafzimmer f\u00fcr bis zu 4-5 Personen<\/li>\n<li>Wohn- Esszimmer<\/li>\n<li>vollausgestattete K\u00fcche<\/li>\n<li>K\u00fchlschrank<\/li>\n<li>Badezimmer<\/li>\n<li>Klimaanlage<\/li>\n<li>Balkon mit unbegrenztem Meerblick<\/li>\n<li>Fernseher<\/li>\n<li>Wi-Fi<\/li>\n<li>Haartrockner<\/li>\n<li>Kinderbett-park (nach Verst\u00e4ndigung)<\/li>\n<\/ul>\n<p>Zus\u00e4tzliche Dienste:<\/p>\n<ul>\n<li>die Zimmer werden zwei Mal pro Woche aufger\u00e4umt und gereinigt<\/li>\n<li>Parkpl\u00e4tze im Freien<\/li>\n<li>Gemeinsam Dachgarten und Hof<\/li>\n<\/ul>\n","protected":false},"excerpt":{"rendered":"<p>Jede Wohnung bietet Ihnen: zwei Schlafzimmer f\u00fcr bis zu 4-5 Personen Wohn- Esszimmer vollausgestattete K\u00fcche K\u00fchlschrank Badezimmer Klimaanlage Balkon mit unbegrenztem Meerblick Fernseher Wi-Fi Haartrockner Kinderbett-park (nach Verst\u00e4ndigung) Zus\u00e4tzliche Dienste: die Zimmer werden zwei Mal pro Woche aufger\u00e4umt und gereinigt Parkpl\u00e4tze im Freien Gemeinsam Dachgarten und Hof<\/p>\n","protected":false},"author":1,"featured_media":1188,"parent":0,"menu_order":0,"comment_status":"open","ping_status":"open","template":"","meta":{"footnotes":""},"_links":{"self":[{"href":"https:\/\/anti-paros.gr\/de\/wp-json\/wp\/v2\/pages\/1620"}],"collection":[{"href":"https:\/\/anti-paros.gr\/de\/wp-json\/wp\/v2\/pages"}],"about":[{"href":"https:\/\/anti-paros.gr\/de\/wp-json\/wp\/v2\/types\/page"}],"author":[{"embeddable":true,"href":"https:\/\/anti-paros.gr\/de\/wp-json\/wp\/v2\/users\/1"}],"replies":[{"embeddable":true,"href":"https:\/\/anti-paros.gr\/de\/wp-json\/wp\/v2\/comments?post=1620"}],"version-history":[{"count":1,"href":"https:\/\/anti-paros.gr\/de\/wp-json\/wp\/v2\/pages\/1620\/revisions"}],"predecessor-version":[{"id":1621,"href":"https:\/\/anti-paros.gr\/de\/wp-json\/wp\/v2\/pages\/1620\/revisions\/1621"}],"wp:featuredmedia":[{"embeddable":true,"href":"https:\/\/anti-paros.gr\/de\/wp-json\/wp\/v2\/media\/1188"}],"wp:attachment":[{"href":"https:\/\/anti-paros.gr\/de\/wp-json\/wp\/v2\/media?parent=1620"}],"curies":[{"name":"wp","href":"https:\/\/api.w.org\/{rel}","templated":true}]}}